{"id":1542,"date":"2017-06-18T21:43:07","date_gmt":"2017-06-19T00:43:07","guid":{"rendered":"http:\/\/site.tamada.com.br\/?post_type=product&#038;p=1542"},"modified":"2017-06-18T21:44:26","modified_gmt":"2017-06-19T00:44:26","slug":"vinca-victory","status":"publish","type":"product","link":"https:\/\/www.tamada.com.br\/en\/product\/vinca-victory\/","title":{"rendered":"VINCA VICTORY"},"content":{"rendered":"","protected":false},"excerpt":{"rendered":"<p>CLASSIFICA\u00c7\u00c3O: Catharanthus roseus<br \/>\nFLOR: &#8211;<br \/>\nFLORESCIMENTO: &#8211;<br \/>\nALTURA: 30 cm<br \/>\nLARGURA: 20 cm<br \/>\nCARACTER\u00cdSTICAS: &#8211;<br \/>\nPRODU\u00c7\u00c3O: Primavera,Ver\u00e3o e Outono<br \/>\nCULTIVO: Sol Pleno<\/p>","protected":false},"featured_media":1543,"comment_status":"closed","ping_status":"closed","template":"","meta":[],"product_cat":[46,57,96],"product_tag":[],"_links":{"self":[{"href":"https:\/\/www.tamada.com.br\/en\/wp-json\/wp\/v2\/product\/1542"}],"collection":[{"href":"https:\/\/www.tamada.com.br\/en\/wp-json\/wp\/v2\/product"}],"about":[{"href":"https:\/\/www.tamada.com.br\/en\/wp-json\/wp\/v2\/types\/product"}],"replies":[{"embeddable":true,"href":"https:\/\/www.tamada.com.br\/en\/wp-json\/wp\/v2\/comments?post=1542"}],"wp:featuredmedia":[{"embeddable":true,"href":"https:\/\/www.tamada.com.br\/en\/wp-json\/wp\/v2\/media\/1543"}],"wp:attachment":[{"href":"https:\/\/www.tamada.com.br\/en\/wp-json\/wp\/v2\/media?parent=1542"}],"wp:term":[{"taxonomy":"product_cat","embeddable":true,"href":"https:\/\/www.tamada.com.br\/en\/wp-json\/wp\/v2\/product_cat?post=1542"},{"taxonomy":"product_tag","embeddable":true,"href":"https:\/\/www.tamada.com.br\/en\/wp-json\/wp\/v2\/product_tag?post=1542"}],"curies":[{"name":"wp","href":"https:\/\/api.w.org\/{rel}","templated":true}]}}