{"id":1540,"date":"2017-06-18T21:41:42","date_gmt":"2017-06-19T00:41:42","guid":{"rendered":"http:\/\/site.tamada.com.br\/?post_type=product&#038;p=1540"},"modified":"2017-06-19T20:36:00","modified_gmt":"2017-06-19T23:36:00","slug":"vinca-cora-cascade","status":"publish","type":"product","link":"https:\/\/www.tamada.com.br\/en\/product\/vinca-cora-cascade\/","title":{"rendered":"VINCA CORA CASCADE"},"content":{"rendered":"","protected":false},"excerpt":{"rendered":"<p>CLASSIFICA\u00c7\u00c3O: Catharanthus roseus F1 (Pendente)<br \/>\nFLOR: &#8211;<br \/>\nFLORESCIMENTO: &#8211;<br \/>\nALTURA: 15-20 cm<br \/>\nLARGURA: 80-90 cm<br \/>\nCARACTER\u00cdSTICAS: Vinca para cuia<br \/>\nPRODU\u00c7\u00c3O: Primavera,Ver\u00e3o e Outono<br \/>\nCULTIVO: Sol Pleno<\/p>","protected":false},"featured_media":1541,"comment_status":"closed","ping_status":"closed","template":"","meta":[],"product_cat":[46,57,95],"product_tag":[],"_links":{"self":[{"href":"https:\/\/www.tamada.com.br\/en\/wp-json\/wp\/v2\/product\/1540"}],"collection":[{"href":"https:\/\/www.tamada.com.br\/en\/wp-json\/wp\/v2\/product"}],"about":[{"href":"https:\/\/www.tamada.com.br\/en\/wp-json\/wp\/v2\/types\/product"}],"replies":[{"embeddable":true,"href":"https:\/\/www.tamada.com.br\/en\/wp-json\/wp\/v2\/comments?post=1540"}],"wp:featuredmedia":[{"embeddable":true,"href":"https:\/\/www.tamada.com.br\/en\/wp-json\/wp\/v2\/media\/1541"}],"wp:attachment":[{"href":"https:\/\/www.tamada.com.br\/en\/wp-json\/wp\/v2\/media?parent=1540"}],"wp:term":[{"taxonomy":"product_cat","embeddable":true,"href":"https:\/\/www.tamada.com.br\/en\/wp-json\/wp\/v2\/product_cat?post=1540"},{"taxonomy":"product_tag","embeddable":true,"href":"https:\/\/www.tamada.com.br\/en\/wp-json\/wp\/v2\/product_tag?post=1540"}],"curies":[{"name":"wp","href":"https:\/\/api.w.org\/{rel}","templated":true}]}}