{"id":1538,"date":"2017-06-18T21:40:23","date_gmt":"2017-06-19T00:40:23","guid":{"rendered":"http:\/\/site.tamada.com.br\/?post_type=product&#038;p=1538"},"modified":"2017-06-18T21:41:32","modified_gmt":"2017-06-19T00:41:32","slug":"vinca-cora","status":"publish","type":"product","link":"https:\/\/www.tamada.com.br\/en\/product\/vinca-cora\/","title":{"rendered":"VINCA CORA"},"content":{"rendered":"","protected":false},"excerpt":{"rendered":"<p>CLASSIFICA\u00c7\u00c3O: Catharanthus roseus F1<br \/>\nFLOR: &#8211;<br \/>\nFLORESCIMENTO: &#8211;<br \/>\nALTURA: 35-40 cm<br \/>\nLARGURA: 50 cm<br \/>\nCARACTER\u00cdSTICAS: &#8211;<br \/>\nPRODU\u00c7\u00c3O: Primavera,Ver\u00e3o e Outono<br \/>\nCULTIVO: Sol Pleno<\/p>","protected":false},"featured_media":1539,"comment_status":"closed","ping_status":"closed","template":"","meta":[],"product_cat":[46,57,94],"product_tag":[],"_links":{"self":[{"href":"https:\/\/www.tamada.com.br\/en\/wp-json\/wp\/v2\/product\/1538"}],"collection":[{"href":"https:\/\/www.tamada.com.br\/en\/wp-json\/wp\/v2\/product"}],"about":[{"href":"https:\/\/www.tamada.com.br\/en\/wp-json\/wp\/v2\/types\/product"}],"replies":[{"embeddable":true,"href":"https:\/\/www.tamada.com.br\/en\/wp-json\/wp\/v2\/comments?post=1538"}],"wp:featuredmedia":[{"embeddable":true,"href":"https:\/\/www.tamada.com.br\/en\/wp-json\/wp\/v2\/media\/1539"}],"wp:attachment":[{"href":"https:\/\/www.tamada.com.br\/en\/wp-json\/wp\/v2\/media?parent=1538"}],"wp:term":[{"taxonomy":"product_cat","embeddable":true,"href":"https:\/\/www.tamada.com.br\/en\/wp-json\/wp\/v2\/product_cat?post=1538"},{"taxonomy":"product_tag","embeddable":true,"href":"https:\/\/www.tamada.com.br\/en\/wp-json\/wp\/v2\/product_tag?post=1538"}],"curies":[{"name":"wp","href":"https:\/\/api.w.org\/{rel}","templated":true}]}}