{"id":1534,"date":"2017-06-18T21:32:51","date_gmt":"2017-06-19T00:32:51","guid":{"rendered":"http:\/\/site.tamada.com.br\/?post_type=product&#038;p=1534"},"modified":"2017-11-21T21:30:57","modified_gmt":"2017-11-21T23:30:57","slug":"petunia-tritunia","status":"publish","type":"product","link":"https:\/\/www.tamada.com.br\/en\/product\/petunia-tritunia\/","title":{"rendered":"PETUNIA TRITUNIA"},"content":{"rendered":"","protected":false},"excerpt":{"rendered":"<p>CLASSIFICA\u00c7\u00c3O: Petunia x Hybrida (Grandiflora)<br \/>\nFLOR: Grande<br \/>\nFLORESCIMENTO: &#8211;<br \/>\nALTURA: 25-38 cm<br \/>\nLARGURA: 25-30 cm<br \/>\nCARACTER\u00cdSTICAS: Mais resistente a doen\u00e7as\/mais cores<br \/>\nPRODU\u00c7\u00c3O: Primavera,Ver\u00e3o e Outono<br \/>\nCULTIVO: Sol Pleno, Meia Sombra<\/p>","protected":false},"featured_media":1535,"comment_status":"closed","ping_status":"closed","template":"","meta":[],"product_cat":[46,56,92],"product_tag":[],"_links":{"self":[{"href":"https:\/\/www.tamada.com.br\/en\/wp-json\/wp\/v2\/product\/1534"}],"collection":[{"href":"https:\/\/www.tamada.com.br\/en\/wp-json\/wp\/v2\/product"}],"about":[{"href":"https:\/\/www.tamada.com.br\/en\/wp-json\/wp\/v2\/types\/product"}],"replies":[{"embeddable":true,"href":"https:\/\/www.tamada.com.br\/en\/wp-json\/wp\/v2\/comments?post=1534"}],"wp:featuredmedia":[{"embeddable":true,"href":"https:\/\/www.tamada.com.br\/en\/wp-json\/wp\/v2\/media\/1535"}],"wp:attachment":[{"href":"https:\/\/www.tamada.com.br\/en\/wp-json\/wp\/v2\/media?parent=1534"}],"wp:term":[{"taxonomy":"product_cat","embeddable":true,"href":"https:\/\/www.tamada.com.br\/en\/wp-json\/wp\/v2\/product_cat?post=1534"},{"taxonomy":"product_tag","embeddable":true,"href":"https:\/\/www.tamada.com.br\/en\/wp-json\/wp\/v2\/product_tag?post=1534"}],"curies":[{"name":"wp","href":"https:\/\/api.w.org\/{rel}","templated":true}]}}