{"id":1530,"date":"2017-06-18T21:29:23","date_gmt":"2017-06-19T00:29:23","guid":{"rendered":"http:\/\/site.tamada.com.br\/?post_type=product&#038;p=1530"},"modified":"2017-11-21T21:28:03","modified_gmt":"2017-11-21T23:28:03","slug":"petunia-picobella-mix","status":"publish","type":"product","link":"https:\/\/www.tamada.com.br\/en\/product\/petunia-picobella-mix\/","title":{"rendered":"PETUNIA PICOBELLA MIX"},"content":{"rendered":"","protected":false},"excerpt":{"rendered":"<p>CLASSIFICA\u00c7\u00c3O: Pet\u00fania x Hybrida (Miniflora)<br \/>\nFLOR: Pequena<br \/>\nFLORESCIMENTO: &#8211;<br \/>\nALTURA: 20-25 cm<br \/>\nLARGURA: 20-25 cm<br \/>\nCARACTER\u00cdSTICAS: Muitas flores<br \/>\nPRODU\u00c7\u00c3O: Primavera,Ver\u00e3o e Outono<br \/>\nCULTIVO: Sol Pleno, Meia Sombra<\/p>","protected":false},"featured_media":1531,"comment_status":"closed","ping_status":"closed","template":"","meta":[],"product_cat":[46,56,90],"product_tag":[],"_links":{"self":[{"href":"https:\/\/www.tamada.com.br\/en\/wp-json\/wp\/v2\/product\/1530"}],"collection":[{"href":"https:\/\/www.tamada.com.br\/en\/wp-json\/wp\/v2\/product"}],"about":[{"href":"https:\/\/www.tamada.com.br\/en\/wp-json\/wp\/v2\/types\/product"}],"replies":[{"embeddable":true,"href":"https:\/\/www.tamada.com.br\/en\/wp-json\/wp\/v2\/comments?post=1530"}],"wp:featuredmedia":[{"embeddable":true,"href":"https:\/\/www.tamada.com.br\/en\/wp-json\/wp\/v2\/media\/1531"}],"wp:attachment":[{"href":"https:\/\/www.tamada.com.br\/en\/wp-json\/wp\/v2\/media?parent=1530"}],"wp:term":[{"taxonomy":"product_cat","embeddable":true,"href":"https:\/\/www.tamada.com.br\/en\/wp-json\/wp\/v2\/product_cat?post=1530"},{"taxonomy":"product_tag","embeddable":true,"href":"https:\/\/www.tamada.com.br\/en\/wp-json\/wp\/v2\/product_tag?post=1530"}],"curies":[{"name":"wp","href":"https:\/\/api.w.org\/{rel}","templated":true}]}}