{"id":1528,"date":"2017-06-18T21:27:39","date_gmt":"2017-06-19T00:27:39","guid":{"rendered":"http:\/\/site.tamada.com.br\/?post_type=product&#038;p=1528"},"modified":"2017-11-21T21:27:11","modified_gmt":"2017-11-21T23:27:11","slug":"petunia-hulahoop","status":"publish","type":"product","link":"https:\/\/www.tamada.com.br\/en\/product\/petunia-hulahoop\/","title":{"rendered":"PETUNIA HULAHOOP"},"content":{"rendered":"","protected":false},"excerpt":{"rendered":"<p>CLASSIFICA\u00c7\u00c3O: Pet\u00fania x Hybrida (Grandiflora)<br \/>\nFLOR: Grande<br \/>\nFLORESCIMENTO: &#8211;<br \/>\nALTURA: 25 cm<br \/>\nLARGURA: 25 cm<br \/>\nCARACTER\u00cdSTICAS: Flores com bordas brancas<br \/>\nPRODU\u00c7\u00c3O: Primavera,Ver\u00e3o e Outono<br \/>\nCULTIVO: Sol Pleno, Meia Sombra<\/p>","protected":false},"featured_media":1529,"comment_status":"closed","ping_status":"closed","template":"","meta":[],"product_cat":[46,56,89],"product_tag":[],"_links":{"self":[{"href":"https:\/\/www.tamada.com.br\/en\/wp-json\/wp\/v2\/product\/1528"}],"collection":[{"href":"https:\/\/www.tamada.com.br\/en\/wp-json\/wp\/v2\/product"}],"about":[{"href":"https:\/\/www.tamada.com.br\/en\/wp-json\/wp\/v2\/types\/product"}],"replies":[{"embeddable":true,"href":"https:\/\/www.tamada.com.br\/en\/wp-json\/wp\/v2\/comments?post=1528"}],"wp:featuredmedia":[{"embeddable":true,"href":"https:\/\/www.tamada.com.br\/en\/wp-json\/wp\/v2\/media\/1529"}],"wp:attachment":[{"href":"https:\/\/www.tamada.com.br\/en\/wp-json\/wp\/v2\/media?parent=1528"}],"wp:term":[{"taxonomy":"product_cat","embeddable":true,"href":"https:\/\/www.tamada.com.br\/en\/wp-json\/wp\/v2\/product_cat?post=1528"},{"taxonomy":"product_tag","embeddable":true,"href":"https:\/\/www.tamada.com.br\/en\/wp-json\/wp\/v2\/product_tag?post=1528"}],"curies":[{"name":"wp","href":"https:\/\/api.w.org\/{rel}","templated":true}]}}