{"id":1524,"date":"2017-06-18T21:23:52","date_gmt":"2017-06-19T00:23:52","guid":{"rendered":"http:\/\/site.tamada.com.br\/?post_type=product&#038;p=1524"},"modified":"2017-11-21T21:25:18","modified_gmt":"2017-11-21T23:25:18","slug":"petunia-db-duo","status":"publish","type":"product","link":"https:\/\/www.tamada.com.br\/en\/product\/petunia-db-duo\/","title":{"rendered":"PETUNIA DB DUO"},"content":{"rendered":"","protected":false},"excerpt":{"rendered":"<p>CLASSIFICA\u00c7\u00c3O: Pet\u00fania x Hybrida (Multiflora)<br \/>\nFLOR: M\u00e9dia<br \/>\nFLORESCIMENTO: &#8211;<br \/>\nALTURA: 25-38 cm<br \/>\nLARGURA: 25-30 cm<br \/>\nCARACTER\u00cdSTICAS: Flor Dobrada<br \/>\nPRODU\u00c7\u00c3O: Primavera,Ver\u00e3o e Outono<br \/>\nCULTIVO: Sol Pleno, Meia Sombra<\/p>","protected":false},"featured_media":1525,"comment_status":"closed","ping_status":"closed","template":"","meta":[],"product_cat":[46,56,87],"product_tag":[],"_links":{"self":[{"href":"https:\/\/www.tamada.com.br\/en\/wp-json\/wp\/v2\/product\/1524"}],"collection":[{"href":"https:\/\/www.tamada.com.br\/en\/wp-json\/wp\/v2\/product"}],"about":[{"href":"https:\/\/www.tamada.com.br\/en\/wp-json\/wp\/v2\/types\/product"}],"replies":[{"embeddable":true,"href":"https:\/\/www.tamada.com.br\/en\/wp-json\/wp\/v2\/comments?post=1524"}],"wp:featuredmedia":[{"embeddable":true,"href":"https:\/\/www.tamada.com.br\/en\/wp-json\/wp\/v2\/media\/1525"}],"wp:attachment":[{"href":"https:\/\/www.tamada.com.br\/en\/wp-json\/wp\/v2\/media?parent=1524"}],"wp:term":[{"taxonomy":"product_cat","embeddable":true,"href":"https:\/\/www.tamada.com.br\/en\/wp-json\/wp\/v2\/product_cat?post=1524"},{"taxonomy":"product_tag","embeddable":true,"href":"https:\/\/www.tamada.com.br\/en\/wp-json\/wp\/v2\/product_tag?post=1524"}],"curies":[{"name":"wp","href":"https:\/\/api.w.org\/{rel}","templated":true}]}}