{"id":1522,"date":"2017-06-18T21:21:43","date_gmt":"2017-06-19T00:21:43","guid":{"rendered":"http:\/\/site.tamada.com.br\/?post_type=product&#038;p=1522"},"modified":"2017-11-21T21:25:50","modified_gmt":"2017-11-21T23:25:50","slug":"petunia-db-madness","status":"publish","type":"product","link":"https:\/\/www.tamada.com.br\/en\/product\/petunia-db-madness\/","title":{"rendered":"PETUNIA DB MADNESS"},"content":{"rendered":"","protected":false},"excerpt":{"rendered":"<p>CLASSIFICA\u00c7\u00c3O: Pet\u00fania x Hybrida (Floribunda)<br \/>\nFLOR: M\u00e9dia<br \/>\nFLORESCIMENTO: &#8211;<br \/>\nALTURA: 25-38 cm<br \/>\nLARGURA: 25-30 cm<br \/>\nCARACTER\u00cdSTICAS: Flor Dobrada<br \/>\nPRODU\u00c7\u00c3O: Primavera,Ver\u00e3o e Outono<br \/>\nCULTIVO: Sol Pleno, Meia Sombra<\/p>","protected":false},"featured_media":1523,"comment_status":"closed","ping_status":"closed","template":"","meta":[],"product_cat":[46,56,86],"product_tag":[],"_links":{"self":[{"href":"https:\/\/www.tamada.com.br\/en\/wp-json\/wp\/v2\/product\/1522"}],"collection":[{"href":"https:\/\/www.tamada.com.br\/en\/wp-json\/wp\/v2\/product"}],"about":[{"href":"https:\/\/www.tamada.com.br\/en\/wp-json\/wp\/v2\/types\/product"}],"replies":[{"embeddable":true,"href":"https:\/\/www.tamada.com.br\/en\/wp-json\/wp\/v2\/comments?post=1522"}],"wp:featuredmedia":[{"embeddable":true,"href":"https:\/\/www.tamada.com.br\/en\/wp-json\/wp\/v2\/media\/1523"}],"wp:attachment":[{"href":"https:\/\/www.tamada.com.br\/en\/wp-json\/wp\/v2\/media?parent=1522"}],"wp:term":[{"taxonomy":"product_cat","embeddable":true,"href":"https:\/\/www.tamada.com.br\/en\/wp-json\/wp\/v2\/product_cat?post=1522"},{"taxonomy":"product_tag","embeddable":true,"href":"https:\/\/www.tamada.com.br\/en\/wp-json\/wp\/v2\/product_tag?post=1522"}],"curies":[{"name":"wp","href":"https:\/\/api.w.org\/{rel}","templated":true}]}}