{"id":1500,"date":"2017-06-18T20:43:31","date_gmt":"2017-06-18T23:43:31","guid":{"rendered":"http:\/\/site.tamada.com.br\/?post_type=product&#038;p=1500"},"modified":"2017-06-18T20:44:52","modified_gmt":"2017-06-18T23:44:52","slug":"gazania-tiger","status":"publish","type":"product","link":"https:\/\/www.tamada.com.br\/en\/product\/gazania-tiger\/","title":{"rendered":"GAZANIA TIGER"},"content":{"rendered":"","protected":false},"excerpt":{"rendered":"<p>CLASSIFICA\u00c7\u00c3O: Rigens<br \/>\nFLOR: M\u00e9dia<br \/>\nFLORESCIMENTO: &#8211;<br \/>\nALTURA: 20-25 cm<br \/>\nLARGURA: 15-20 cm<br \/>\nCARACTER\u00cdSTICAS: Cores tigradas<br \/>\nPRODU\u00c7\u00c3O: Primavera,Ver\u00e3o e Outono<br \/>\nCULTIVO: Sol Pleno<\/p>","protected":false},"featured_media":1501,"comment_status":"closed","ping_status":"closed","template":"","meta":[],"product_cat":[46,52,75],"product_tag":[],"_links":{"self":[{"href":"https:\/\/www.tamada.com.br\/en\/wp-json\/wp\/v2\/product\/1500"}],"collection":[{"href":"https:\/\/www.tamada.com.br\/en\/wp-json\/wp\/v2\/product"}],"about":[{"href":"https:\/\/www.tamada.com.br\/en\/wp-json\/wp\/v2\/types\/product"}],"replies":[{"embeddable":true,"href":"https:\/\/www.tamada.com.br\/en\/wp-json\/wp\/v2\/comments?post=1500"}],"wp:featuredmedia":[{"embeddable":true,"href":"https:\/\/www.tamada.com.br\/en\/wp-json\/wp\/v2\/media\/1501"}],"wp:attachment":[{"href":"https:\/\/www.tamada.com.br\/en\/wp-json\/wp\/v2\/media?parent=1500"}],"wp:term":[{"taxonomy":"product_cat","embeddable":true,"href":"https:\/\/www.tamada.com.br\/en\/wp-json\/wp\/v2\/product_cat?post=1500"},{"taxonomy":"product_tag","embeddable":true,"href":"https:\/\/www.tamada.com.br\/en\/wp-json\/wp\/v2\/product_tag?post=1500"}],"curies":[{"name":"wp","href":"https:\/\/api.w.org\/{rel}","templated":true}]}}