{"id":597,"date":"2017-05-31T20:56:22","date_gmt":"2017-05-31T23:56:22","guid":{"rendered":"http:\/\/tamada.local\/?page_id=597"},"modified":"2017-06-21T13:12:42","modified_gmt":"2017-06-21T16:12:42","slug":"estrutura","status":"publish","type":"page","link":"https:\/\/www.tamada.com.br\/en\/estrutura\/","title":{"rendered":"Structure"},"content":{"rendered":"<div class=\"amy-section wpb_row   vc_custom_1496276169037\"><div class=\"container\"><div class=\"vc_row wpb_row vc_row-fluid\"><div class=\"wpb_column vc_column_container vc_col-sm-4\"><div class=\"vc_column-inner\"><div class=\"wpb_wrapper\">\n\t<div class=\"wpb_text_column wpb_content_element  wpb_animate_when_almost_visible wpb_fadeIn fadeIn\" >\n\t\t<div class=\"wpb_wrapper\">\n\t\t\t<p><img decoding=\"async\" loading=\"lazy\" class=\"alignnone size-full wp-image-1326 aligncenter\" src=\"http:\/\/www.tamada.com.br\/wp-content\/uploads\/img-simbolo-planejamento.png\" alt=\"\" width=\"169\" height=\"165\" \/><\/p>\n\n\t\t<\/div>\n\t<\/div>\n<\/div><\/div><\/div><div class=\"wpb_column vc_column_container vc_col-sm-4\"><div class=\"vc_column-inner\"><div class=\"wpb_wrapper\">\n\t<div class=\"wpb_text_column wpb_content_element  wpb_animate_when_almost_visible wpb_fadeIn fadeIn\" >\n\t\t<div class=\"wpb_wrapper\">\n\t\t\t<p>Let us think for you. Together, we'll build a reference work with the appropriate process to achieve better results.<\/p>\n<p>Planning is the process where we analyze, think, and rethink, to organize our actions in the smallest details so that everything happens in due time. This planning results in complying with your requests on scheduled date and quantities.<\/p>\n\n\t\t<\/div>\n\t<\/div>\n<\/div><\/div><\/div><div class=\"wpb_column vc_column_container vc_col-sm-4\"><div class=\"vc_column-inner\"><div class=\"wpb_wrapper\"><div class=\"wpb_gallery wpb_content_element vc_clearfix\" ><div class=\"wpb_wrapper\"><div class=\"wpb_gallery_slides wpb_slider_nivo theme-default\" data-interval=\"3\"><div class=\"nivoSlider\"><a class=\"prettyphoto\" href=\"https:\/\/www.tamada.com.br\/wp-content\/uploads\/img-planejamento-01.jpg\" data-rel=\"prettyPhoto[rel-597-2096141552]\"><img width=\"150\" height=\"100\" src=\"https:\/\/www.tamada.com.br\/wp-content\/uploads\/img-planejamento-01.jpg\" class=\"attachment-thumbnail\" alt=\"\" decoding=\"async\" loading=\"lazy\" \/><\/a><\/div><\/div><\/div><\/div><\/div><\/div><\/div><\/div><\/div><\/div><!-- Row Backgrounds --><div class=\"upb_color\" data-bg-override=\"0\" data-bg-color=\"#ffffff\" data-fadeout=\"\" data-fadeout-percentage=\"30\" data-parallax-content=\"\" data-parallax-content-sense=\"30\" data-row-effect-mobile-disable=\"true\" data-img-parallax-mobile-disable=\"true\" data-rtl=\"false\"  data-custom-vc-row=\"\"  data-vc=\"5.1.1\"  data-is_old_vc=\"\"  data-theme-support=\"\"   data-overlay=\"false\" data-overlay-color=\"\" data-overlay-pattern=\"\" data-overlay-pattern-opacity=\"\" data-overlay-pattern-size=\"\"    ><\/div><div class=\"amy-section wpb_row   vc_custom_1496276288999\"><div class=\"container\"><div class=\"vc_row wpb_row vc_row-fluid\"><div class=\"wpb_column vc_column_container vc_col-sm-4\"><div class=\"vc_column-inner\"><div class=\"wpb_wrapper\">\n\t<div class=\"wpb_text_column wpb_content_element  wpb_animate_when_almost_visible wpb_fadeIn fadeIn\" >\n\t\t<div class=\"wpb_wrapper\">\n\t\t\t<p><img decoding=\"async\" loading=\"lazy\" class=\"alignnone size-full wp-image-1327 aligncenter\" src=\"http:\/\/www.tamada.com.br\/wp-content\/uploads\/img-simbolo-semeadura.png\" alt=\"\" width=\"169\" height=\"165\" \/><\/p>\n\n\t\t<\/div>\n\t<\/div>\n<\/div><\/div><\/div><div class=\"wpb_column vc_column_container vc_col-sm-4\"><div class=\"vc_column-inner\"><div class=\"wpb_wrapper\">\n\t<div class=\"wpb_text_column wpb_content_element  wpb_animate_when_almost_visible wpb_fadeIn fadeIn\" >\n\t\t<div class=\"wpb_wrapper\">\n\t\t\t<p>You can trust our work. Besides the personal and the structure, dedication and skill are fundamental to obtain the best results.<\/p>\n<p>Seeding is the most important phase in the vegetal production. Our team is qualified and very passionate about what they do. The union of people and structure favors and surpasses the germination phase.<\/p>\n\n\t\t<\/div>\n\t<\/div>\n<\/div><\/div><\/div><div class=\"wpb_column vc_column_container vc_col-sm-4\"><div class=\"vc_column-inner\"><div class=\"wpb_wrapper\"><div class=\"wpb_gallery wpb_content_element vc_clearfix\" ><div class=\"wpb_wrapper\"><div class=\"wpb_gallery_slides wpb_slider_nivo theme-default\" data-interval=\"3\"><div class=\"nivoSlider\"><a class=\"prettyphoto\" href=\"https:\/\/www.tamada.com.br\/wp-content\/uploads\/img-semeadura-01.jpg\" data-rel=\"prettyPhoto[rel-597-1533060843]\"><img width=\"150\" height=\"109\" src=\"https:\/\/www.tamada.com.br\/wp-content\/uploads\/img-semeadura-01.jpg\" class=\"attachment-thumbnail\" alt=\"\" decoding=\"async\" loading=\"lazy\" \/><\/a><a class=\"prettyphoto\" href=\"https:\/\/www.tamada.com.br\/wp-content\/uploads\/img-semeadura-02.jpg\" data-rel=\"prettyPhoto[rel-597-1533060843]\"><img width=\"150\" height=\"87\" src=\"https:\/\/www.tamada.com.br\/wp-content\/uploads\/img-semeadura-02.jpg\" class=\"attachment-thumbnail\" alt=\"\" decoding=\"async\" loading=\"lazy\" \/><\/a><a class=\"prettyphoto\" href=\"https:\/\/www.tamada.com.br\/wp-content\/uploads\/img-semeadura-03.jpg\" data-rel=\"prettyPhoto[rel-597-1533060843]\"><img width=\"150\" height=\"90\" src=\"https:\/\/www.tamada.com.br\/wp-content\/uploads\/img-semeadura-03.jpg\" class=\"attachment-thumbnail\" alt=\"\" decoding=\"async\" loading=\"lazy\" \/><\/a><a class=\"prettyphoto\" href=\"https:\/\/www.tamada.com.br\/wp-content\/uploads\/img-semeadura-04.jpg\" data-rel=\"prettyPhoto[rel-597-1533060843]\"><img width=\"150\" height=\"117\" src=\"https:\/\/www.tamada.com.br\/wp-content\/uploads\/img-semeadura-04.jpg\" class=\"attachment-thumbnail\" alt=\"\" decoding=\"async\" loading=\"lazy\" \/><\/a><a class=\"prettyphoto\" href=\"https:\/\/www.tamada.com.br\/wp-content\/uploads\/img-semeadura-05.jpg\" data-rel=\"prettyPhoto[rel-597-1533060843]\"><img width=\"150\" height=\"113\" src=\"https:\/\/www.tamada.com.br\/wp-content\/uploads\/img-semeadura-05.jpg\" class=\"attachment-thumbnail\" alt=\"\" decoding=\"async\" loading=\"lazy\" \/><\/a><a class=\"prettyphoto\" href=\"https:\/\/www.tamada.com.br\/wp-content\/uploads\/img-semeadura-06.jpg\" data-rel=\"prettyPhoto[rel-597-1533060843]\"><img width=\"150\" height=\"113\" src=\"https:\/\/www.tamada.com.br\/wp-content\/uploads\/img-semeadura-06.jpg\" class=\"attachment-thumbnail\" alt=\"\" decoding=\"async\" loading=\"lazy\" \/><\/a><\/div><\/div><\/div><\/div><\/div><\/div><\/div><\/div><\/div><\/div><!-- Row Backgrounds --><div class=\"upb_color\" data-bg-override=\"0\" data-bg-color=\"#eaf1d8\" data-fadeout=\"\" data-fadeout-percentage=\"30\" data-parallax-content=\"\" data-parallax-content-sense=\"30\" data-row-effect-mobile-disable=\"true\" data-img-parallax-mobile-disable=\"true\" data-rtl=\"false\"  data-custom-vc-row=\"\"  data-vc=\"5.1.1\"  data-is_old_vc=\"\"  data-theme-support=\"\"   data-overlay=\"false\" data-overlay-color=\"\" data-overlay-pattern=\"\" data-overlay-pattern-opacity=\"\" data-overlay-pattern-size=\"\"    ><\/div><div class=\"amy-section wpb_row   vc_custom_1496276919377\"><div class=\"container\"><div class=\"vc_row wpb_row vc_row-fluid\"><div class=\"wpb_column vc_column_container vc_col-sm-4\"><div class=\"vc_column-inner\"><div class=\"wpb_wrapper\">\n\t<div class=\"wpb_text_column wpb_content_element  wpb_animate_when_almost_visible wpb_fadeIn fadeIn\" >\n\t\t<div class=\"wpb_wrapper\">\n\t\t\t<p><img decoding=\"async\" loading=\"lazy\" class=\"alignnone size-full wp-image-1328 aligncenter\" src=\"http:\/\/www.tamada.com.br\/wp-content\/uploads\/img-simbolo-producao.png\" alt=\"\" width=\"169\" height=\"165\" \/><\/p>\n\n\t\t<\/div>\n\t<\/div>\n<\/div><\/div><\/div><div class=\"wpb_column vc_column_container vc_col-sm-4\"><div class=\"vc_column-inner\"><div class=\"wpb_wrapper\">\n\t<div class=\"wpb_text_column wpb_content_element  wpb_animate_when_almost_visible wpb_fadeIn fadeIn\" >\n\t\t<div class=\"wpb_wrapper\">\n\t\t\t<p>Believe it, we want to deliver more than you are expecting. The synergy combined with tradition, structure and competence always results in good quality products.<\/p>\n<p>A watchful eye is indispensable at this stage. Understanding what each plant needs to receive in each phase is essential for cultivation to reach the expected goals. The synergy between environment, climate and man is the result of the best productive process.<\/p>\n\n\t\t<\/div>\n\t<\/div>\n<\/div><\/div><\/div><div class=\"wpb_column vc_column_container vc_col-sm-4\"><div class=\"vc_column-inner\"><div class=\"wpb_wrapper\"><div class=\"wpb_gallery wpb_content_element vc_clearfix\" ><div class=\"wpb_wrapper\"><div class=\"wpb_gallery_slides wpb_slider_nivo theme-default\" data-interval=\"3\"><div class=\"nivoSlider\"><a class=\"prettyphoto\" href=\"https:\/\/www.tamada.com.br\/wp-content\/uploads\/img-producao-01.jpg\" data-rel=\"prettyPhoto[rel-597-320153419]\"><img width=\"150\" height=\"100\" src=\"https:\/\/www.tamada.com.br\/wp-content\/uploads\/img-producao-01.jpg\" class=\"attachment-thumbnail\" alt=\"\" decoding=\"async\" loading=\"lazy\" \/><\/a><a class=\"prettyphoto\" href=\"https:\/\/www.tamada.com.br\/wp-content\/uploads\/img-producao-02.jpg\" data-rel=\"prettyPhoto[rel-597-320153419]\"><img width=\"150\" height=\"100\" src=\"https:\/\/www.tamada.com.br\/wp-content\/uploads\/img-producao-02.jpg\" class=\"attachment-thumbnail\" alt=\"\" decoding=\"async\" loading=\"lazy\" \/><\/a><a class=\"prettyphoto\" href=\"https:\/\/www.tamada.com.br\/wp-content\/uploads\/img-producao-03.jpg\" data-rel=\"prettyPhoto[rel-597-320153419]\"><img width=\"150\" height=\"100\" src=\"https:\/\/www.tamada.com.br\/wp-content\/uploads\/img-producao-03.jpg\" class=\"attachment-thumbnail\" alt=\"\" decoding=\"async\" loading=\"lazy\" \/><\/a><a class=\"prettyphoto\" href=\"https:\/\/www.tamada.com.br\/wp-content\/uploads\/img-producao-04.jpg\" data-rel=\"prettyPhoto[rel-597-320153419]\"><img width=\"150\" height=\"78\" src=\"https:\/\/www.tamada.com.br\/wp-content\/uploads\/img-producao-04.jpg\" class=\"attachment-thumbnail\" alt=\"\" decoding=\"async\" loading=\"lazy\" \/><\/a><a class=\"prettyphoto\" href=\"https:\/\/www.tamada.com.br\/wp-content\/uploads\/img-producao-05.jpg\" data-rel=\"prettyPhoto[rel-597-320153419]\"><img width=\"150\" height=\"100\" src=\"https:\/\/www.tamada.com.br\/wp-content\/uploads\/img-producao-05.jpg\" class=\"attachment-thumbnail\" alt=\"\" decoding=\"async\" loading=\"lazy\" \/><\/a><a class=\"prettyphoto\" href=\"https:\/\/www.tamada.com.br\/wp-content\/uploads\/img-producao-06.jpg\" data-rel=\"prettyPhoto[rel-597-320153419]\"><img width=\"150\" height=\"100\" src=\"https:\/\/www.tamada.com.br\/wp-content\/uploads\/img-producao-06.jpg\" class=\"attachment-thumbnail\" alt=\"\" decoding=\"async\" loading=\"lazy\" \/><\/a><\/div><\/div><\/div><\/div><\/div><\/div><\/div><\/div><\/div><\/div><!-- Row Backgrounds --><div class=\"upb_color\" data-bg-override=\"0\" data-bg-color=\"#ffffff\" data-fadeout=\"\" data-fadeout-percentage=\"30\" data-parallax-content=\"\" data-parallax-content-sense=\"30\" data-row-effect-mobile-disable=\"true\" data-img-parallax-mobile-disable=\"true\" data-rtl=\"false\"  data-custom-vc-row=\"\"  data-vc=\"5.1.1\"  data-is_old_vc=\"\"  data-theme-support=\"\"   data-overlay=\"false\" data-overlay-color=\"\" data-overlay-pattern=\"\" data-overlay-pattern-opacity=\"\" data-overlay-pattern-size=\"\"    ><\/div><div class=\"amy-section wpb_row   vc_custom_1496277030960\"><div class=\"container\"><div class=\"vc_row wpb_row vc_row-fluid\"><div class=\"wpb_column vc_column_container vc_col-sm-4\"><div class=\"vc_column-inner\"><div class=\"wpb_wrapper\">\n\t<div class=\"wpb_text_column wpb_content_element  wpb_animate_when_almost_visible wpb_fadeIn fadeIn\" >\n\t\t<div class=\"wpb_wrapper\">\n\t\t\t<p><img decoding=\"async\" loading=\"lazy\" class=\"alignnone size-full wp-image-1329 aligncenter\" src=\"http:\/\/www.tamada.com.br\/wp-content\/uploads\/img-simbolo-expedicao.png\" alt=\"\" width=\"169\" height=\"165\" \/><\/p>\n\n\t\t<\/div>\n\t<\/div>\n<\/div><\/div><\/div><div class=\"wpb_column vc_column_container vc_col-sm-4\"><div class=\"vc_column-inner\"><div class=\"wpb_wrapper\">\n\t<div class=\"wpb_text_column wpb_content_element  wpb_animate_when_almost_visible wpb_fadeIn fadeIn\" >\n\t\t<div class=\"wpb_wrapper\">\n\t\t\t<p>Get the results of our intention to always do the best. This is our commitment to you. Your feedback is very important to us.<\/p>\n<p>We engage and take care of the details to make it just the way you would like to receive. This is our rule: Do to the others what they want to be done to them.<\/p>\n\n\t\t<\/div>\n\t<\/div>\n<\/div><\/div><\/div><div class=\"wpb_column vc_column_container vc_col-sm-4\"><div class=\"vc_column-inner\"><div class=\"wpb_wrapper\"><div class=\"wpb_gallery wpb_content_element vc_clearfix\" ><div class=\"wpb_wrapper\"><div class=\"wpb_gallery_slides wpb_slider_nivo theme-default\" data-interval=\"3\"><div class=\"nivoSlider\"><a class=\"prettyphoto\" href=\"https:\/\/www.tamada.com.br\/wp-content\/uploads\/img-expedicao-01.jpg\" data-rel=\"prettyPhoto[rel-597-1242697686]\"><img width=\"150\" height=\"100\" src=\"https:\/\/www.tamada.com.br\/wp-content\/uploads\/img-expedicao-01.jpg\" class=\"attachment-thumbnail\" alt=\"\" decoding=\"async\" loading=\"lazy\" \/><\/a><a class=\"prettyphoto\" href=\"https:\/\/www.tamada.com.br\/wp-content\/uploads\/img-expedicao-02.jpg\" data-rel=\"prettyPhoto[rel-597-1242697686]\"><img width=\"150\" height=\"100\" src=\"https:\/\/www.tamada.com.br\/wp-content\/uploads\/img-expedicao-02.jpg\" class=\"attachment-thumbnail\" alt=\"\" decoding=\"async\" loading=\"lazy\" \/><\/a><a class=\"prettyphoto\" href=\"https:\/\/www.tamada.com.br\/wp-content\/uploads\/img-expedicao-03.jpg\" data-rel=\"prettyPhoto[rel-597-1242697686]\"><img width=\"150\" height=\"100\" src=\"https:\/\/www.tamada.com.br\/wp-content\/uploads\/img-expedicao-03.jpg\" class=\"attachment-thumbnail\" alt=\"\" decoding=\"async\" loading=\"lazy\" \/><\/a><a class=\"prettyphoto\" href=\"https:\/\/www.tamada.com.br\/wp-content\/uploads\/img-expedicao-04.jpg\" data-rel=\"prettyPhoto[rel-597-1242697686]\"><img width=\"150\" height=\"100\" src=\"https:\/\/www.tamada.com.br\/wp-content\/uploads\/img-expedicao-04.jpg\" class=\"attachment-thumbnail\" alt=\"\" decoding=\"async\" loading=\"lazy\" \/><\/a><\/div><\/div><\/div><\/div><\/div><\/div><\/div><\/div><\/div><\/div><!-- Row Backgrounds --><div class=\"upb_color\" data-bg-override=\"0\" data-bg-color=\"#eaf1d8\" data-fadeout=\"\" data-fadeout-percentage=\"30\" data-parallax-content=\"\" data-parallax-content-sense=\"30\" data-row-effect-mobile-disable=\"true\" data-img-parallax-mobile-disable=\"true\" data-rtl=\"false\"  data-custom-vc-row=\"\"  data-vc=\"5.1.1\"  data-is_old_vc=\"\"  data-theme-support=\"\"   data-overlay=\"false\" data-overlay-color=\"\" data-overlay-pattern=\"\" data-overlay-pattern-opacity=\"\" data-overlay-pattern-size=\"\"    ><\/div><div class=\"amy-section wpb_row\"><div class=\"vc_row wpb_row vc_row-fluid\"><div class=\"wpb_column vc_column_container vc_col-sm-12\"><div class=\"vc_column-inner\"><div class=\"wpb_wrapper\"><div class=\"vc_separator wpb_content_element vc_separator_align_center vc_sep_width_100 vc_sep_pos_align_center vc_separator_no_text vc_sep_color_grey\" ><span class=\"vc_sep_holder vc_sep_holder_l\"><span  class=\"vc_sep_line\"><\/span><\/span><span class=\"vc_sep_holder vc_sep_holder_r\"><span  class=\"vc_sep_line\"><\/span><\/span>\n<\/div><\/div><\/div><\/div><\/div><\/div>","protected":false},"excerpt":{"rendered":"Permita pensarmos por voc\u00ea. Juntos, construiremos um trabalho de refer\u00eancia, com um processo adequado para alcan\u00e7ar os melhores resultados. \u00c9 o processo onde analisamos, pensamos e repensamos, para organizarmos nossas a\u00e7\u00f5es nos m\u00ednimos detalhes, para que tudo aconte\u00e7a no seu devido tempo. O resultado deste planejamento ser\u00e1 atender seu pedido na data e nas quantidades [...]","protected":false},"author":1,"featured_media":0,"parent":0,"menu_order":0,"comment_status":"closed","ping_status":"closed","template":"","meta":[],"_links":{"self":[{"href":"https:\/\/www.tamada.com.br\/en\/wp-json\/wp\/v2\/pages\/597"}],"collection":[{"href":"https:\/\/www.tamada.com.br\/en\/wp-json\/wp\/v2\/pages"}],"about":[{"href":"https:\/\/www.tamada.com.br\/en\/wp-json\/wp\/v2\/types\/page"}],"author":[{"embeddable":true,"href":"https:\/\/www.tamada.com.br\/en\/wp-json\/wp\/v2\/users\/1"}],"replies":[{"embeddable":true,"href":"https:\/\/www.tamada.com.br\/en\/wp-json\/wp\/v2\/comments?post=597"}],"version-history":[{"count":46,"href":"https:\/\/www.tamada.com.br\/en\/wp-json\/wp\/v2\/pages\/597\/revisions"}],"predecessor-version":[{"id":1684,"href":"https:\/\/www.tamada.com.br\/en\/wp-json\/wp\/v2\/pages\/597\/revisions\/1684"}],"wp:attachment":[{"href":"https:\/\/www.tamada.com.br\/en\/wp-json\/wp\/v2\/media?parent=597"}],"curies":[{"name":"wp","href":"https:\/\/api.w.org\/{rel}","templated":true}]}}