{"id":576,"date":"2017-05-31T20:32:55","date_gmt":"2017-05-31T23:32:55","guid":{"rendered":"http:\/\/tamada.local\/?page_id=576"},"modified":"2017-11-21T21:08:42","modified_gmt":"2017-11-21T23:08:42","slug":"missao-visao-e-valores","status":"publish","type":"page","link":"https:\/\/www.tamada.com.br\/en\/missao-visao-e-valores\/","title":{"rendered":"Mission, Vision and Values"},"content":{"rendered":"<div class=\"amy-section wpb_row   vc_custom_1483839683128\"><div class=\"container\"><div class=\"vc_row wpb_row vc_row-fluid\"><div class=\"wpb_column vc_column_container vc_col-sm-12 vc_col-lg-12 vc_col-md-1\"><div class=\"vc_column-inner vc_custom_1496187245046\"><div class=\"wpb_wrapper\">\n\t<div class=\"wpb_text_column wpb_content_element  wpb_animate_when_almost_visible wpb_fadeIn fadeIn\" >\n\t\t<div class=\"wpb_wrapper\">\n\t\t\t<h3 class=\"f20\">Mission<\/h3>\n<p>Production in a responsible and efficient way to guarantee the excellence in the delivery of our products and services.<br \/>\nPreserve to make production viable for future generations.<br \/>\nContribute to business and economy to develop while adding value to people\u2019s life and to the environment.<\/p>\n<h3 class=\"f20\">Vision<\/h3>\n<p>Be a reference in the ornamental seedling market, being recognized by the quality of the product, achieving a sustainable production, transparent relationship and provision of quality services, thus having the preference of the client. Always thinking about the aggregation of shared value, where everyone can win: companies, people and the environment.<\/p>\n<h3 class=\"f20\">Values<\/h3>\n<p>Ethics, Respect and Transparency \u2013 \u201cGenerate value without sacrificing values\u201d.<\/p>\n\n\t\t<\/div>\n\t<\/div>\n<\/div><\/div><\/div><\/div><\/div><\/div>","protected":false},"excerpt":{"rendered":"Miss\u00e3o Produzir de forma respons\u00e1vel e eficiente, para garantir a excel\u00eancia na entrega de nossos produtos e servi\u00e7os. Preservar para viabilizar a produ\u00e7\u00e3o nas gera\u00e7\u00f5es futuras. Contribuir para que os neg\u00f3cios e a economia se desenvolvam ao mesmo tempo em que agregam valor para a vida das pessoas e seu entorno. Vis\u00e3o Ser refer\u00eancia no [...]","protected":false},"author":1,"featured_media":0,"parent":0,"menu_order":0,"comment_status":"closed","ping_status":"closed","template":"","meta":[],"_links":{"self":[{"href":"https:\/\/www.tamada.com.br\/en\/wp-json\/wp\/v2\/pages\/576"}],"collection":[{"href":"https:\/\/www.tamada.com.br\/en\/wp-json\/wp\/v2\/pages"}],"about":[{"href":"https:\/\/www.tamada.com.br\/en\/wp-json\/wp\/v2\/types\/page"}],"author":[{"embeddable":true,"href":"https:\/\/www.tamada.com.br\/en\/wp-json\/wp\/v2\/users\/1"}],"replies":[{"embeddable":true,"href":"https:\/\/www.tamada.com.br\/en\/wp-json\/wp\/v2\/comments?post=576"}],"version-history":[{"count":3,"href":"https:\/\/www.tamada.com.br\/en\/wp-json\/wp\/v2\/pages\/576\/revisions"}],"predecessor-version":[{"id":1778,"href":"https:\/\/www.tamada.com.br\/en\/wp-json\/wp\/v2\/pages\/576\/revisions\/1778"}],"wp:attachment":[{"href":"https:\/\/www.tamada.com.br\/en\/wp-json\/wp\/v2\/media?parent=576"}],"curies":[{"name":"wp","href":"https:\/\/api.w.org\/{rel}","templated":true}]}}